{"id":1878,"date":"2020-03-19T12:09:30","date_gmt":"2020-03-19T11:09:30","guid":{"rendered":"https:\/\/heli-flight.pandowebsites.de\/?page_id=1878"},"modified":"2025-05-26T09:01:33","modified_gmt":"2025-05-26T07:01:33","slug":"impressum","status":"publish","type":"page","link":"https:\/\/www.heli-flight.de\/en\/impressum\/","title":{"rendered":"Imprint"},"content":{"rendered":"<div data-elementor-type=\"wp-page\" data-elementor-id=\"1878\" class=\"elementor elementor-1878\" data-elementor-post-type=\"page\">\n\t\t\t\t\t\t<section class=\"elementor-section elementor-top-section elementor-element elementor-element-8a6f91c elementor-section-boxed elementor-section-height-default elementor-section-height-default\" data-id=\"8a6f91c\" data-element_type=\"section\">\n\t\t\t\t\t\t<div class=\"elementor-container elementor-column-gap-default\">\n\t\t\t\t\t<div class=\"elementor-column elementor-col-100 elementor-top-column elementor-element elementor-element-30f67ce\" data-id=\"30f67ce\" data-element_type=\"column\">\n\t\t\t<div class=\"elementor-widget-wrap elementor-element-populated\">\n\t\t\t\t\t\t<div class=\"elementor-element elementor-element-e39b5eb elementor-widget elementor-widget-text-editor\" data-id=\"e39b5eb\" data-element_type=\"widget\" data-widget_type=\"text-editor.default\">\n\t\t\t\t<div class=\"elementor-widget-container\">\n\t\t\t\t\t\t\t<h1>Imprint<\/h1>\n<p>COPYRIGHT<br>Die Inhalte und Struktur dieser Website sind urheberrechtlich gesch\u00fctzt. Die Vervielf\u00e4ltigung, Verbreitung, Ver\u00f6ffentlichung, Ver\u00e4nderung, Bereitstellung f\u00fcr Dritte oder Bearbeitung s\u00e4mtlicher Inhalte, insbesondere Texte, Textteile, Bildmaterial und Grafiken, bedarf der ausdr\u00fccklichen vorherigen schriftlichen Zustimmung der HELI-FLIGHT JLR gGmbH, soweit die Inhalte nach deutschem Recht schutzf\u00e4hig sind. Etwaige Zuwiderhandlungen k\u00f6nnen zivil- und strafrechtlich verfolgt werden.<\/p>\n<p>HAFTUNG<br>Mit gr\u00f6\u00dftm\u00f6glicher Sorgfalt stellen wir diese Website zusammen. Trotzdem k\u00f6nnen wir keine Gew\u00e4hr f\u00fcr die Fehlerfreiheit und Genauigkeit der enthaltenen Informationen \u00fcbernehmen. Jegliche Haftung f\u00fcr Sch\u00e4den, die direkt oder indirekt aus der Benutzung dieser Website entstehen, wird ausgeschlossen, soweit diese nicht auf Vorsatz oder grober Fahrl\u00e4ssigkeit beruhen. Sofern wir von dieser Website auf Internetseiten verweisen, die von Dritten betrieben werden, \u00fcbernehmen wir keine Verantwortung f\u00fcr deren Inhalte. Alle Hinweise und Angaben wurden mit Sorgfalt ausgew\u00e4hlt und gepr\u00fcft. Eine Haftung f\u00fcr alle erdenklichen Sch\u00e4den an Personen, Sach-und Verm\u00f6gensgegenst\u00e4nden ist ausgeschlossen.<\/p>\n<p>Dieses Impressum gilt auch f\u00fcr unsere Facebook-Seite &#8222;HELI-FLIGHT JLR gGmbH&#8220; (www.facebook.com\/heliflightgermany) und Instagram-Seite &#8222;heli_flight_jlr_ggmbh&#8220;<\/p>\n<p>ALLGEMEINE GESCH\u00c4FTSBEDINGUNGEN<br>Allgemeine Gesch\u00e4ftsbedingungen der HELI-FLIGHT JLR gGmbH\/ Stand: 01.09.2011 | <a href=\"\/wp-content\/uploads\/2020\/03\/AGB-HELI-FLIGHT-092011.pdf\">download<\/a><\/p>\n<p>ANSCHRIFT<br>HELI-FLIGHT JLR gGmbH<br>Am Flugplatz<br>D-61203 Reichelsheim<\/p>\n<p>Contact<\/p>\n<p>Tel: +49 (6035) 91000<br>Fax: +49 (6035) 910025<br>info@heli-flight.de<\/p>\n<p>Gesch\u00e4ftsf\u00fchrer: Herr Ole Gehrmann, Herr Frank Zabell<\/p>\n<p>Mitglied der Gesch\u00e4ftsf\u00fchrung: Jan Sobick<\/p>\n<p>Aufsichtsrat:<\/p>\n<p>Vorsitzender: Oliver Meermann<\/p>\n<p>Stv. Vorsitzender: Peter Kaimer<\/p>\n<p>Mitglied: Wolf-Teja v. Rebenau<\/p>\n<p>UID Nr.: DE255798231<br>Handelsregister: HRB 10127<br>Amtsgericht: Gie\u00dfen \/ Hessen&nbsp;<span style=\"color: #000548; font-family: Tahoma, sans-serif; font-size: 13.3333px; caret-color: #000548;\">HELI-FLIGHT JLR gGmbH<\/span><\/p>\t\t\t\t\t\t<\/div>\n\t\t\t\t<\/div>\n\t\t\t\t\t<\/div>\n\t\t<\/div>\n\t\t\t\t\t<\/div>\n\t\t<\/section>\n\t\t\t\t<\/div>","protected":false},"excerpt":{"rendered":"<p>Impressum COPYRIGHTDie Inhalte und Struktur dieser Website sind urheberrechtlich gesch\u00fctzt. Die Vervielf\u00e4ltigung, Verbreitung, Ver\u00f6ffentlichung, Ver\u00e4nderung, Bereitstellung f\u00fcr Dritte oder Bearbeitung s\u00e4mtlicher Inhalte, insbesondere Texte, Textteile, Bildmaterial und Grafiken, bedarf der ausdr\u00fccklichen vorherigen schriftlichen Zustimmung der HELI-FLIGHT JLR gGmbH, soweit die Inhalte nach deutschem Recht schutzf\u00e4hig sind. Etwaige Zuwiderhandlungen k\u00f6nnen zivil- und strafrechtlich verfolgt werden. HAFTUNGMit [&hellip;]<\/p>","protected":false},"author":1,"featured_media":0,"parent":0,"menu_order":0,"comment_status":"closed","ping_status":"closed","template":"elementor_header_footer","meta":{"footnotes":""},"yoast_head":"<!-- This site is optimized with the Yoast SEO plugin v24.3 - https:\/\/yoast.com\/wordpress\/plugins\/seo\/ -->\n<title>Impressum - HELI-FLIGHT JLR gGmbH<\/title>\n<meta name=\"robots\" content=\"noindex, nofollow\" \/>\n<meta property=\"og:locale\" content=\"en_US\" \/>\n<meta property=\"og:type\" content=\"article\" \/>\n<meta property=\"og:title\" content=\"Impressum - HELI-FLIGHT JLR gGmbH\" \/>\n<meta property=\"og:description\" content=\"Impressum COPYRIGHTDie Inhalte und Struktur dieser Website sind urheberrechtlich gesch\u00fctzt. Die Vervielf\u00e4ltigung, Verbreitung, Ver\u00f6ffentlichung, Ver\u00e4nderung, Bereitstellung f\u00fcr Dritte oder Bearbeitung s\u00e4mtlicher Inhalte, insbesondere Texte, Textteile, Bildmaterial und Grafiken, bedarf der ausdr\u00fccklichen vorherigen schriftlichen Zustimmung der HELI-FLIGHT JLR gGmbH, soweit die Inhalte nach deutschem Recht schutzf\u00e4hig sind. Etwaige Zuwiderhandlungen k\u00f6nnen zivil- und strafrechtlich verfolgt werden. HAFTUNGMit [&hellip;]\" \/>\n<meta property=\"og:url\" content=\"https:\/\/www.heli-flight.de\/en\/impressum\/\" \/>\n<meta property=\"og:site_name\" content=\"HELI-FLIGHT JLR gGmbH\" \/>\n<meta property=\"article:modified_time\" content=\"2025-05-26T07:01:33+00:00\" \/>\n<meta name=\"twitter:card\" content=\"summary_large_image\" \/>\n<meta name=\"twitter:label1\" content=\"Est. reading time\" \/>\n\t<meta name=\"twitter:data1\" content=\"2 minutes\" \/>\n<script type=\"application\/ld+json\" class=\"yoast-schema-graph\">{\"@context\":\"https:\/\/schema.org\",\"@graph\":[{\"@type\":\"WebPage\",\"@id\":\"https:\/\/www.heli-flight.de\/impressum\/\",\"url\":\"https:\/\/www.heli-flight.de\/impressum\/\",\"name\":\"Impressum - HELI-FLIGHT JLR gGmbH\",\"isPartOf\":{\"@id\":\"https:\/\/www.heli-flight.de\/#website\"},\"datePublished\":\"2020-03-19T11:09:30+00:00\",\"dateModified\":\"2025-05-26T07:01:33+00:00\",\"breadcrumb\":{\"@id\":\"https:\/\/www.heli-flight.de\/impressum\/#breadcrumb\"},\"inLanguage\":\"en-US\",\"potentialAction\":[{\"@type\":\"ReadAction\",\"target\":[\"https:\/\/www.heli-flight.de\/impressum\/\"]}]},{\"@type\":\"BreadcrumbList\",\"@id\":\"https:\/\/www.heli-flight.de\/impressum\/#breadcrumb\",\"itemListElement\":[{\"@type\":\"ListItem\",\"position\":1,\"name\":\"Startseite\",\"item\":\"https:\/\/www.heli-flight.de\/\"},{\"@type\":\"ListItem\",\"position\":2,\"name\":\"Impressum\"}]},{\"@type\":\"WebSite\",\"@id\":\"https:\/\/www.heli-flight.de\/#website\",\"url\":\"https:\/\/www.heli-flight.de\/\",\"name\":\"HELI-FLIGHT JLR gGmbH\",\"description\":\"Flugplatz mit Flugschule in Reichelsheim (Wetterau)\",\"publisher\":{\"@id\":\"https:\/\/www.heli-flight.de\/#organization\"},\"potentialAction\":[{\"@type\":\"SearchAction\",\"target\":{\"@type\":\"EntryPoint\",\"urlTemplate\":\"https:\/\/www.heli-flight.de\/?s={search_term_string}\"},\"query-input\":{\"@type\":\"PropertyValueSpecification\",\"valueRequired\":true,\"valueName\":\"search_term_string\"}}],\"inLanguage\":\"en-US\"},{\"@type\":\"Organization\",\"@id\":\"https:\/\/www.heli-flight.de\/#organization\",\"name\":\"HELI\u2013FLIGHT GmbH & CO. KG\",\"url\":\"https:\/\/www.heli-flight.de\/\",\"logo\":{\"@type\":\"ImageObject\",\"inLanguage\":\"en-US\",\"@id\":\"https:\/\/www.heli-flight.de\/#\/schema\/logo\/image\/\",\"url\":\"https:\/\/www.heli-flight.de\/wp-content\/uploads\/2019\/11\/cropped-logo-heli-flight-1.png\",\"contentUrl\":\"https:\/\/www.heli-flight.de\/wp-content\/uploads\/2019\/11\/cropped-logo-heli-flight-1.png\",\"width\":262,\"height\":197,\"caption\":\"HELI\u2013FLIGHT GmbH & CO. KG\"},\"image\":{\"@id\":\"https:\/\/www.heli-flight.de\/#\/schema\/logo\/image\/\"}}]}<\/script>\n<!-- \/ Yoast SEO plugin. -->","yoast_head_json":{"title":"Impressum - HELI-FLIGHT JLR gGmbH","robots":{"index":"noindex","follow":"nofollow"},"og_locale":"en_US","og_type":"article","og_title":"Impressum - HELI-FLIGHT JLR gGmbH","og_description":"Impressum COPYRIGHTDie Inhalte und Struktur dieser Website sind urheberrechtlich gesch\u00fctzt. Die Vervielf\u00e4ltigung, Verbreitung, Ver\u00f6ffentlichung, Ver\u00e4nderung, Bereitstellung f\u00fcr Dritte oder Bearbeitung s\u00e4mtlicher Inhalte, insbesondere Texte, Textteile, Bildmaterial und Grafiken, bedarf der ausdr\u00fccklichen vorherigen schriftlichen Zustimmung der HELI-FLIGHT JLR gGmbH, soweit die Inhalte nach deutschem Recht schutzf\u00e4hig sind. Etwaige Zuwiderhandlungen k\u00f6nnen zivil- und strafrechtlich verfolgt werden. HAFTUNGMit [&hellip;]","og_url":"https:\/\/www.heli-flight.de\/en\/impressum\/","og_site_name":"HELI-FLIGHT JLR gGmbH","article_modified_time":"2025-05-26T07:01:33+00:00","twitter_card":"summary_large_image","twitter_misc":{"Est. reading time":"2 minutes"},"schema":{"@context":"https:\/\/schema.org","@graph":[{"@type":"WebPage","@id":"https:\/\/www.heli-flight.de\/impressum\/","url":"https:\/\/www.heli-flight.de\/impressum\/","name":"Impressum - HELI-FLIGHT JLR gGmbH","isPartOf":{"@id":"https:\/\/www.heli-flight.de\/#website"},"datePublished":"2020-03-19T11:09:30+00:00","dateModified":"2025-05-26T07:01:33+00:00","breadcrumb":{"@id":"https:\/\/www.heli-flight.de\/impressum\/#breadcrumb"},"inLanguage":"en-US","potentialAction":[{"@type":"ReadAction","target":["https:\/\/www.heli-flight.de\/impressum\/"]}]},{"@type":"BreadcrumbList","@id":"https:\/\/www.heli-flight.de\/impressum\/#breadcrumb","itemListElement":[{"@type":"ListItem","position":1,"name":"Startseite","item":"https:\/\/www.heli-flight.de\/"},{"@type":"ListItem","position":2,"name":"Impressum"}]},{"@type":"WebSite","@id":"https:\/\/www.heli-flight.de\/#website","url":"https:\/\/www.heli-flight.de\/","name":"HELI-FLIGHT JLR gGmbH","description":"Flugplatz mit Flugschule in Reichelsheim (Wetterau)","publisher":{"@id":"https:\/\/www.heli-flight.de\/#organization"},"potentialAction":[{"@type":"SearchAction","target":{"@type":"EntryPoint","urlTemplate":"https:\/\/www.heli-flight.de\/?s={search_term_string}"},"query-input":{"@type":"PropertyValueSpecification","valueRequired":true,"valueName":"search_term_string"}}],"inLanguage":"en-US"},{"@type":"Organization","@id":"https:\/\/www.heli-flight.de\/#organization","name":"HELI\u2013FLIGHT GmbH & CO. KG","url":"https:\/\/www.heli-flight.de\/","logo":{"@type":"ImageObject","inLanguage":"en-US","@id":"https:\/\/www.heli-flight.de\/#\/schema\/logo\/image\/","url":"https:\/\/www.heli-flight.de\/wp-content\/uploads\/2019\/11\/cropped-logo-heli-flight-1.png","contentUrl":"https:\/\/www.heli-flight.de\/wp-content\/uploads\/2019\/11\/cropped-logo-heli-flight-1.png","width":262,"height":197,"caption":"HELI\u2013FLIGHT GmbH & CO. KG"},"image":{"@id":"https:\/\/www.heli-flight.de\/#\/schema\/logo\/image\/"}}]}},"_links":{"self":[{"href":"https:\/\/www.heli-flight.de\/en\/wp-json\/wp\/v2\/pages\/1878"}],"collection":[{"href":"https:\/\/www.heli-flight.de\/en\/wp-json\/wp\/v2\/pages"}],"about":[{"href":"https:\/\/www.heli-flight.de\/en\/wp-json\/wp\/v2\/types\/page"}],"author":[{"embeddable":true,"href":"https:\/\/www.heli-flight.de\/en\/wp-json\/wp\/v2\/users\/1"}],"replies":[{"embeddable":true,"href":"https:\/\/www.heli-flight.de\/en\/wp-json\/wp\/v2\/comments?post=1878"}],"version-history":[{"count":18,"href":"https:\/\/www.heli-flight.de\/en\/wp-json\/wp\/v2\/pages\/1878\/revisions"}],"predecessor-version":[{"id":4537,"href":"https:\/\/www.heli-flight.de\/en\/wp-json\/wp\/v2\/pages\/1878\/revisions\/4537"}],"wp:attachment":[{"href":"https:\/\/www.heli-flight.de\/en\/wp-json\/wp\/v2\/media?parent=1878"}],"curies":[{"name":"wp","href":"https:\/\/api.w.org\/{rel}","templated":true}]}}